{"id":1030,"date":"2021-01-01T00:00:00","date_gmt":"2020-12-31T23:00:00","guid":{"rendered":"http:\/\/dk28limanowa.pl\/?page_id=1030"},"modified":"2025-10-03T13:32:41","modified_gmt":"2025-10-03T11:32:41","slug":"kontakt","status":"publish","type":"page","link":"http:\/\/a4-balice-krakowpoludnie-stes.pl\/index.php\/kontakt\/","title":{"rendered":"Kontakt"},"content":{"rendered":"\n<section id=\"gmf76ea79\" class=\"wp-block-gutentor-m4 section-gmf76ea79 gutentor-module gutentor-advanced-columns\"><div class=\"grid-container\"><div class=\"grid-row\">\n<div id=\"col-gmefd84f\" class=\"wp-block-gutentor-m4-col col-gmefd84f gutentor-single-column  grid-lg-2 grid-md-12 grid-12\"><div id=\"section-gmefd84f\" class=\"section-gmefd84f gutentor-col-wrap\">\n<div id=\"section-gae5870\" class=\"wp-block-gutentor-e1 section-gae5870 gutentor-element gutentor-element-advanced-text text-align-left-desktop\"><div class=\"gutentor-text-wrap\"><p class=\"gutentor-text\">Zamawiaj\u0105cy<\/p><\/div><\/div>\n<\/div><\/div>\n\n\n\n<div id=\"col-gmde4119\" class=\"wp-block-gutentor-m4-col col-gmde4119 gutentor-single-column  grid-lg-10 grid-md-12 grid-12\"><div id=\"section-gmde4119\" class=\"section-gmde4119 gutentor-col-wrap\"><\/div><\/div>\n<\/div><\/div><\/section>\n\n\n\n<section id=\"gme8455be\" class=\"wp-block-gutentor-m4 section-gme8455be gutentor-module gutentor-advanced-columns\"><div class=\"grid-container\"><div class=\"grid-row\">\n<div id=\"col-gmd0c0eb\" class=\"wp-block-gutentor-m4-col col-gmd0c0eb gutentor-single-column  grid-lg-6 grid-md-12 grid-12\"><div id=\"section-gmd0c0eb\" class=\"section-gmd0c0eb gutentor-col-wrap\">\n<div id=\"section-g4ecab7\" class=\"wp-block-gutentor-e6 section-g4ecab7 gutentor-element gutentor-element-image text-align-left-desktop\"><div class=\"gutentor-element-image-box\"><div class=\"gutentor-image-thumb\"><img decoding=\"async\" class=\"normal-image\" src=\"http:\/\/a4-balice-krakowpoludnie-stes.pl\/wp-content\/uploads\/2023\/01\/GDDKiA_Krakow.png\" \/><\/div><\/div><\/div>\n\n\n\n<div id=\"section-g8fc5a2\" class=\"wp-block-gutentor-e6 section-g8fc5a2 gutentor-element gutentor-element-image text-align-left-desktop\"><div class=\"gutentor-element-image-box\"><div class=\"gutentor-image-thumb\"><img decoding=\"async\" class=\"normal-image\" src=\"http:\/\/a4-balice-krakowpoludnie-stes.pl\/wp-content\/uploads\/2023\/05\/gddkia_main_logo-300x153.png\" \/><\/div><\/div><\/div>\n<\/div><\/div>\n\n\n\n<div id=\"col-gmb99887\" class=\"wp-block-gutentor-m4-col col-gmb99887 gutentor-single-column  grid-lg-6 grid-md-12 grid-12\"><div id=\"section-gmb99887\" class=\"section-gmb99887 gutentor-col-wrap\">\n<div id=\"section-g52d604\" class=\"wp-block-gutentor-e1 section-g52d604 gutentor-element gutentor-element-advanced-text\"><div class=\"gutentor-text-wrap\"><p class=\"gutentor-text\">Skarb Pa\u0144stwa &#8211;<br>Generalny Dyrektor Dr\u00f3g Krajowych i Autostrad<\/p><\/div><\/div>\n\n\n\n<div id=\"section-gc5169e\" class=\"wp-block-gutentor-e1 section-gc5169e gutentor-element gutentor-element-advanced-text\"><div class=\"gutentor-text-wrap\"><p class=\"gutentor-text\">ul. Wronia 53, 00-874 Warszawa<br><mark style=\"color:#ef7900\" class=\"has-inline-color\"><a href=\"https:\/\/www.gov.pl\/web\/gddkia\" target=\"_blank\" rel=\"noreferrer noopener\">gov.pl\/web\/gddkia<\/a><\/mark><\/p><\/div><\/div>\n<\/div><\/div>\n<\/div><\/div><\/section>\n\n\n\n<section id=\"gmad1a284\" class=\"wp-block-gutentor-m4 section-gmad1a284 gutentor-module gutentor-advanced-columns\"><div class=\"grid-container\"><div class=\"grid-row\">\n<div id=\"col-gm25b7d9\" class=\"wp-block-gutentor-m4-col col-gm25b7d9 gutentor-single-column  grid-lg-6 grid-md-12 grid-12\"><div id=\"section-gm25b7d9\" class=\"section-gm25b7d9 gutentor-col-wrap\">\n<div id=\"section-g5449cc\" class=\"wp-block-gutentor-e6 section-g5449cc gutentor-element gutentor-element-image text-align-left-desktop\"><div class=\"gutentor-element-image-box\"><div class=\"gutentor-image-thumb\"><img decoding=\"async\" class=\"normal-image\" src=\"http:\/\/a4-balice-krakowpoludnie-stes.pl\/wp-content\/uploads\/2023\/01\/GDDKiA_Krakow.png\" \/><\/div><\/div><\/div>\n<\/div><\/div>\n\n\n\n<div id=\"col-gm01bdd8\" class=\"wp-block-gutentor-m4-col col-gm01bdd8 gutentor-single-column  grid-lg-6 grid-md-12 grid-12\"><div id=\"section-gm01bdd8\" class=\"section-gm01bdd8 gutentor-col-wrap\">\n<div id=\"section-ge45e45\" class=\"wp-block-gutentor-e1 section-ge45e45 gutentor-element gutentor-element-advanced-text\"><div class=\"gutentor-text-wrap\"><p class=\"gutentor-text\">Za realizacj\u0119 kontraktu odpowiada:<\/p><\/div><\/div>\n<\/div><\/div>\n<\/div><\/div><\/section>\n\n\n\n<section id=\"gm5fe6a7d\" class=\"wp-block-gutentor-m4 section-gm5fe6a7d gutentor-module gutentor-advanced-columns\"><div class=\"grid-container\"><div class=\"grid-row\">\n<div id=\"col-gm9aee3c\" class=\"wp-block-gutentor-m4-col col-gm9aee3c gutentor-single-column  grid-lg-6 grid-md-12 grid-12\"><div id=\"section-gm9aee3c\" class=\"section-gm9aee3c gutentor-col-wrap\">\n<div id=\"section-g85f2f6\" class=\"wp-block-gutentor-e6 section-g85f2f6 gutentor-element gutentor-element-image text-align-left-desktop\"><div class=\"gutentor-element-image-box\"><div class=\"gutentor-image-thumb\"><img decoding=\"async\" class=\"normal-image\" src=\"http:\/\/a4-balice-krakowpoludnie-stes.pl\/wp-content\/uploads\/2023\/01\/GDDKiA_Krakow.png\" \/><\/div><\/div><\/div>\n\n\n\n<div id=\"section-gf0ce21\" class=\"wp-block-gutentor-e6 section-gf0ce21 gutentor-element gutentor-element-image text-align-left-desktop section-g25c42a gutentor-enabled-width\"><div class=\"gutentor-element-image-box\"><div class=\"gutentor-image-thumb\"><img decoding=\"async\" class=\"normal-image\" src=\"http:\/\/a4-balice-krakowpoludnie-stes.pl\/wp-content\/uploads\/2023\/05\/gddkia_krakow_-300x153.png\" \/><\/div><\/div><\/div>\n<\/div><\/div>\n\n\n\n<div id=\"col-gmeff873\" class=\"wp-block-gutentor-m4-col col-gmeff873 gutentor-single-column  grid-lg-6 grid-md-12 grid-12\"><div id=\"section-gmeff873\" class=\"section-gmeff873 gutentor-col-wrap\">\n<div id=\"section-g8062c2\" class=\"wp-block-gutentor-e1 section-g8062c2 gutentor-element gutentor-element-advanced-text\"><div class=\"gutentor-text-wrap\"><p class=\"gutentor-text\">Generalna Dyrekcja Dr\u00f3g Krajowych i Autostrad<br>Oddzia\u0142 w Krakowie<\/p><\/div><\/div>\n\n\n\n<div id=\"section-g30aaf0\" class=\"wp-block-gutentor-e1 section-g30aaf0 gutentor-element gutentor-element-advanced-text\"><div class=\"gutentor-text-wrap\"><p class=\"gutentor-text\">ul. Mogilska 25, 31-542 Krak\u00f3w<br><mark style=\"color:#ef7900\" class=\"has-inline-color\"><a href=\"https:\/\/www.gov.pl\/web\/gddkia-krakow\" target=\"_blank\" rel=\"noreferrer noopener\">gov.pl\/web\/gddkia-krakow<\/a><\/mark><\/p><\/div><\/div>\n\n\n\n<div id=\"section-g66fd4a\" class=\"wp-block-gutentor-e1 section-g66fd4a gutentor-element gutentor-element-advanced-text\"><div class=\"gutentor-text-wrap\"><p class=\"gutentor-text\"><strong>Kierownik Projektu:<\/strong> Joanna P\u0142achta<\/p><\/div><\/div>\n\n\n\n<div id=\"section-g2207fc\" class=\"wp-block-gutentor-e1 section-g2207fc gutentor-element gutentor-element-advanced-text\"><div class=\"gutentor-text-wrap\"><p class=\"gutentor-text\">e-mail: jplachta@gddkia.gov.pl<\/p><\/div><\/div>\n<\/div><\/div>\n<\/div><\/div><\/section>\n\n\n\n<section id=\"gmaa2c3c9\" class=\"wp-block-gutentor-m4 section-gmaa2c3c9 gutentor-module gutentor-advanced-columns\"><div class=\"grid-container\"><div class=\"grid-row\">\n<div id=\"col-gmf960b2\" class=\"wp-block-gutentor-m4-col col-gmf960b2 gutentor-single-column  grid-lg-2 grid-md-12 grid-12\"><div id=\"section-gmf960b2\" class=\"section-gmf960b2 gutentor-col-wrap\">\n<div id=\"section-g23da17\" class=\"wp-block-gutentor-e1 section-g23da17 gutentor-element gutentor-element-advanced-text text-align-left-desktop\"><div class=\"gutentor-text-wrap\"><p class=\"gutentor-text\">Biuro Projektowe<\/p><\/div><\/div>\n<\/div><\/div>\n\n\n\n<div id=\"col-gmd9e720\" class=\"wp-block-gutentor-m4-col col-gmd9e720 gutentor-single-column  grid-lg-10 grid-md-12 grid-12\"><div id=\"section-gmd9e720\" class=\"section-gmd9e720 gutentor-col-wrap\"><\/div><\/div>\n<\/div><\/div><\/section>\n\n\n\n<section id=\"gm6a95cb1\" class=\"wp-block-gutentor-m4 section-gm6a95cb1 gutentor-module gutentor-advanced-columns\"><div class=\"grid-container\"><div class=\"grid-row\">\n<div id=\"col-gm4262f8\" class=\"wp-block-gutentor-m4-col col-gm4262f8 gutentor-single-column  grid-lg-4 grid-md-12 grid-12\"><div id=\"section-gm4262f8\" class=\"section-gm4262f8 gutentor-col-wrap\">\n<div id=\"section-gc4c10b\" class=\"wp-block-gutentor-e1 section-gc4c10b gutentor-element gutentor-element-advanced-text text-align-left-desktop\"><div class=\"gutentor-text-wrap\"><p class=\"gutentor-text\">Lider<\/p><\/div><\/div>\n<\/div><\/div>\n\n\n\n<div id=\"col-gmd55d17\" class=\"wp-block-gutentor-m4-col col-gmd55d17 gutentor-single-column  grid-lg-4 grid-md-12 grid-12\"><div id=\"section-gmd55d17\" class=\"section-gmd55d17 gutentor-col-wrap\">\n<div id=\"section-gad6ff1\" class=\"wp-block-gutentor-e1 section-gad6ff1 gutentor-element gutentor-element-advanced-text text-align-center-desktop\"><div class=\"gutentor-text-wrap\"><p class=\"gutentor-text\"><img decoding=\"async\" style=\"width: 217px\" src=\"https:\/\/a4-s5-stesr.pl\/wp-content\/uploads\/2021\/07\/logo-ivia-scaled.jpg\" alt=\"\"><\/p><\/div><\/div>\n<\/div><\/div>\n\n\n\n<div id=\"col-gm9b5f43\" class=\"wp-block-gutentor-m4-col col-gm9b5f43 gutentor-single-column  grid-lg-4 grid-md-12 grid-12\"><div id=\"section-gm9b5f43\" class=\"section-gm9b5f43 gutentor-col-wrap\">\n<div id=\"section-g743369\" class=\"wp-block-gutentor-e1 section-g743369 gutentor-element gutentor-element-advanced-text\"><div class=\"gutentor-text-wrap\"><p class=\"gutentor-text\">IVIA Sp. z o.o.<\/p><\/div><\/div>\n\n\n\n<div id=\"section-gd4efac\" class=\"wp-block-gutentor-e1 section-gd4efac gutentor-element gutentor-element-advanced-text\"><div class=\"gutentor-text-wrap\"><p class=\"gutentor-text\"><mark style=\"color:#ef7900\" class=\"has-inline-color\"><a href=\"https:\/\/www.ivia.pl\" target=\"_blank\" rel=\"noreferrer noopener\">ivia.pl<\/a><\/mark><\/p><\/div><\/div>\n<\/div><\/div>\n<\/div><\/div><\/section>\n\n\n\n<section id=\"gmdacf361\" class=\"wp-block-gutentor-m4 section-gmdacf361 gutentor-module gutentor-advanced-columns\"><div class=\"grid-container\"><div class=\"grid-row\">\n<div id=\"col-gm6110d4\" class=\"wp-block-gutentor-m4-col col-gm6110d4 gutentor-single-column  grid-lg-2 grid-md-12 grid-12\"><div id=\"section-gm6110d4\" class=\"section-gm6110d4 gutentor-col-wrap\">\n<div id=\"section-g734e01\" class=\"wp-block-gutentor-e1 section-g734e01 gutentor-element gutentor-element-advanced-text text-align-left-desktop\"><div class=\"gutentor-text-wrap\"><p class=\"gutentor-text\">Instytucje zaanga\u017cowane w realizacj\u0119 projektu<\/p><\/div><\/div>\n<\/div><\/div>\n\n\n\n<div id=\"col-gm6eedc2\" class=\"wp-block-gutentor-m4-col col-gm6eedc2 gutentor-single-column  grid-lg-10 grid-md-12 grid-12\"><div id=\"section-gm6eedc2\" class=\"section-gm6eedc2 gutentor-col-wrap\"><\/div><\/div>\n<\/div><\/div><\/section>\n\n\n\n<section id=\"gm184cf58\" class=\"wp-block-gutentor-m4 section-gm184cf58 gutentor-module gutentor-advanced-columns\"><div class=\"grid-container\"><div class=\"grid-row\">\n<div id=\"col-gmab0663\" class=\"wp-block-gutentor-m4-col col-gmab0663 gutentor-single-column  grid-lg-4 grid-md-12 grid-12\"><div id=\"section-gmab0663\" class=\"section-gmab0663 gutentor-col-wrap\">\n<div id=\"section-g3847d5\" class=\"wp-block-gutentor-e1 section-g3847d5 gutentor-element gutentor-element-advanced-text text-align-center-desktop\"><div class=\"gutentor-text-wrap\"><p class=\"gutentor-text\"><img loading=\"lazy\" decoding=\"async\" width=\"1007\" height=\"432\" class=\"wp-image-5220\" style=\"width: 217px\" src=\"http:\/\/a4-balice-krakowpoludnie-stes.pl\/wp-content\/uploads\/2023\/06\/01_znak_podstawowy_kolor_biale_tlo.png\" alt=\"\" srcset=\"http:\/\/a4-balice-krakowpoludnie-stes.pl\/wp-content\/uploads\/2023\/06\/01_znak_podstawowy_kolor_biale_tlo.png 1007w, http:\/\/a4-balice-krakowpoludnie-stes.pl\/wp-content\/uploads\/2023\/06\/01_znak_podstawowy_kolor_biale_tlo-300x129.png 300w, http:\/\/a4-balice-krakowpoludnie-stes.pl\/wp-content\/uploads\/2023\/06\/01_znak_podstawowy_kolor_biale_tlo-768x329.png 768w\" sizes=\"auto, (max-width: 1007px) 100vw, 1007px\" \/><br><a href=\"http:\/\/mi.gov.pl\">mi.gov.pl<\/a><\/p><\/div><\/div>\n<\/div><\/div>\n\n\n\n<div id=\"col-gm7e2de6\" class=\"wp-block-gutentor-m4-col col-gm7e2de6 gutentor-single-column  grid-lg-4 grid-md-12 grid-12\"><div id=\"section-gm7e2de6\" class=\"section-gm7e2de6 gutentor-col-wrap\"><\/div><\/div>\n\n\n\n<div id=\"col-gm8af081\" class=\"wp-block-gutentor-m4-col col-gm8af081 gutentor-single-column  grid-lg-4 grid-md-12 grid-12\"><div id=\"section-gm8af081\" class=\"section-gm8af081 gutentor-col-wrap\"><\/div><\/div>\n<\/div><\/div><\/section>\n\n\n\n<p><\/p>\n\n\n\n<p><\/p>\n","protected":false},"excerpt":{"rendered":"","protected":false},"author":1,"featured_media":0,"parent":0,"menu_order":0,"comment_status":"closed","ping_status":"closed","template":"","meta":{"footnotes":""},"class_list":["post-1030","page","type-page","status-publish","hentry"],"yoast_head":"<!-- This site is optimized with the Yoast SEO plugin v27.3 - https:\/\/yoast.com\/product\/yoast-seo-wordpress\/ -->\n<title>Kontakt - Rozbudowa autostrady A4 od w\u0119z\u0142a Balice do ul. K\u0105pielowej w Krakowie o trzeci pas ruchu<\/title>\n<meta name=\"robots\" content=\"index, follow, max-snippet:-1, max-image-preview:large, max-video-preview:-1\" \/>\n<link rel=\"canonical\" href=\"http:\/\/a4-balice-krakowpoludnie-stes.pl\/index.php\/kontakt\/\" \/>\n<meta property=\"og:locale\" content=\"pl_PL\" \/>\n<meta property=\"og:type\" content=\"article\" \/>\n<meta property=\"og:title\" content=\"Kontakt - Rozbudowa autostrady A4 od w\u0119z\u0142a Balice do ul. K\u0105pielowej w Krakowie o trzeci pas ruchu\" \/>\n<meta property=\"og:url\" content=\"http:\/\/a4-balice-krakowpoludnie-stes.pl\/index.php\/kontakt\/\" \/>\n<meta property=\"og:site_name\" content=\"Rozbudowa autostrady A4 od w\u0119z\u0142a Balice do ul. K\u0105pielowej w Krakowie o trzeci pas ruchu\" \/>\n<meta property=\"article:modified_time\" content=\"2025-10-03T11:32:41+00:00\" \/>\n<meta property=\"og:image\" content=\"http:\/\/a4-balice-krakowpoludnie-stes.pl\/wp-content\/uploads\/2023\/01\/GDDKiA_Krakow.png\" \/>\n<meta name=\"twitter:card\" content=\"summary_large_image\" \/>\n<meta name=\"twitter:label1\" content=\"Szacowany czas czytania\" \/>\n\t<meta name=\"twitter:data1\" content=\"2 minuty\" \/>\n<script type=\"application\/ld+json\" class=\"yoast-schema-graph\">{\"@context\":\"https:\\\/\\\/schema.org\",\"@graph\":[{\"@type\":\"WebPage\",\"@id\":\"http:\\\/\\\/a4-balice-krakowpoludnie-stes.pl\\\/index.php\\\/kontakt\\\/\",\"url\":\"http:\\\/\\\/a4-balice-krakowpoludnie-stes.pl\\\/index.php\\\/kontakt\\\/\",\"name\":\"Kontakt - Rozbudowa autostrady A4 od w\u0119z\u0142a Balice do ul. K\u0105pielowej w Krakowie o trzeci pas ruchu\",\"isPartOf\":{\"@id\":\"http:\\\/\\\/a4-balice-krakowpoludnie-stes.pl\\\/#website\"},\"primaryImageOfPage\":{\"@id\":\"http:\\\/\\\/a4-balice-krakowpoludnie-stes.pl\\\/index.php\\\/kontakt\\\/#primaryimage\"},\"image\":{\"@id\":\"http:\\\/\\\/a4-balice-krakowpoludnie-stes.pl\\\/index.php\\\/kontakt\\\/#primaryimage\"},\"thumbnailUrl\":\"http:\\\/\\\/a4-balice-krakowpoludnie-stes.pl\\\/wp-content\\\/uploads\\\/2023\\\/01\\\/GDDKiA_Krakow.png\",\"datePublished\":\"2020-12-31T23:00:00+00:00\",\"dateModified\":\"2025-10-03T11:32:41+00:00\",\"breadcrumb\":{\"@id\":\"http:\\\/\\\/a4-balice-krakowpoludnie-stes.pl\\\/index.php\\\/kontakt\\\/#breadcrumb\"},\"inLanguage\":\"pl-PL\",\"potentialAction\":[{\"@type\":\"ReadAction\",\"target\":[\"http:\\\/\\\/a4-balice-krakowpoludnie-stes.pl\\\/index.php\\\/kontakt\\\/\"]}]},{\"@type\":\"ImageObject\",\"inLanguage\":\"pl-PL\",\"@id\":\"http:\\\/\\\/a4-balice-krakowpoludnie-stes.pl\\\/index.php\\\/kontakt\\\/#primaryimage\",\"url\":\"http:\\\/\\\/a4-balice-krakowpoludnie-stes.pl\\\/wp-content\\\/uploads\\\/2023\\\/01\\\/GDDKiA_Krakow-e1685043812165.png\",\"contentUrl\":\"http:\\\/\\\/a4-balice-krakowpoludnie-stes.pl\\\/wp-content\\\/uploads\\\/2023\\\/01\\\/GDDKiA_Krakow-e1685043812165.png\",\"width\":187,\"height\":93},{\"@type\":\"BreadcrumbList\",\"@id\":\"http:\\\/\\\/a4-balice-krakowpoludnie-stes.pl\\\/index.php\\\/kontakt\\\/#breadcrumb\",\"itemListElement\":[{\"@type\":\"ListItem\",\"position\":1,\"name\":\"Strona g\u0142\u00f3wna\",\"item\":\"http:\\\/\\\/a4-balice-krakowpoludnie-stes.pl\\\/\"},{\"@type\":\"ListItem\",\"position\":2,\"name\":\"Kontakt\"}]},{\"@type\":\"WebSite\",\"@id\":\"http:\\\/\\\/a4-balice-krakowpoludnie-stes.pl\\\/#website\",\"url\":\"http:\\\/\\\/a4-balice-krakowpoludnie-stes.pl\\\/\",\"name\":\"Rozbudowa autostrady A4 od w\u0119z\u0142a Balice do ul. K\u0105pielowej w Krakowie o trzeci pas ruchu\",\"description\":\"\",\"publisher\":{\"@id\":\"http:\\\/\\\/a4-balice-krakowpoludnie-stes.pl\\\/#organization\"},\"potentialAction\":[{\"@type\":\"SearchAction\",\"target\":{\"@type\":\"EntryPoint\",\"urlTemplate\":\"http:\\\/\\\/a4-balice-krakowpoludnie-stes.pl\\\/?s={search_term_string}\"},\"query-input\":{\"@type\":\"PropertyValueSpecification\",\"valueRequired\":true,\"valueName\":\"search_term_string\"}}],\"inLanguage\":\"pl-PL\"},{\"@type\":\"Organization\",\"@id\":\"http:\\\/\\\/a4-balice-krakowpoludnie-stes.pl\\\/#organization\",\"name\":\"Rozbudowa autostrady A4 od w\u0119z\u0142a Balice do ul. K\u0105pielowej w Krakowie o trzeci pas ruchu\",\"url\":\"http:\\\/\\\/a4-balice-krakowpoludnie-stes.pl\\\/\",\"logo\":{\"@type\":\"ImageObject\",\"inLanguage\":\"pl-PL\",\"@id\":\"http:\\\/\\\/a4-balice-krakowpoludnie-stes.pl\\\/#\\\/schema\\\/logo\\\/image\\\/\",\"url\":\"http:\\\/\\\/a4-balice-krakowpoludnie-stes.pl\\\/wp-content\\\/uploads\\\/2023\\\/01\\\/cropped-empty.png\",\"contentUrl\":\"http:\\\/\\\/a4-balice-krakowpoludnie-stes.pl\\\/wp-content\\\/uploads\\\/2023\\\/01\\\/cropped-empty.png\",\"width\":290,\"height\":96,\"caption\":\"Rozbudowa autostrady A4 od w\u0119z\u0142a Balice do ul. K\u0105pielowej w Krakowie o trzeci pas ruchu\"},\"image\":{\"@id\":\"http:\\\/\\\/a4-balice-krakowpoludnie-stes.pl\\\/#\\\/schema\\\/logo\\\/image\\\/\"}}]}<\/script>\n<!-- \/ Yoast SEO plugin. -->","yoast_head_json":{"title":"Kontakt - Rozbudowa autostrady A4 od w\u0119z\u0142a Balice do ul. K\u0105pielowej w Krakowie o trzeci pas ruchu","robots":{"index":"index","follow":"follow","max-snippet":"max-snippet:-1","max-image-preview":"max-image-preview:large","max-video-preview":"max-video-preview:-1"},"canonical":"http:\/\/a4-balice-krakowpoludnie-stes.pl\/index.php\/kontakt\/","og_locale":"pl_PL","og_type":"article","og_title":"Kontakt - Rozbudowa autostrady A4 od w\u0119z\u0142a Balice do ul. K\u0105pielowej w Krakowie o trzeci pas ruchu","og_url":"http:\/\/a4-balice-krakowpoludnie-stes.pl\/index.php\/kontakt\/","og_site_name":"Rozbudowa autostrady A4 od w\u0119z\u0142a Balice do ul. K\u0105pielowej w Krakowie o trzeci pas ruchu","article_modified_time":"2025-10-03T11:32:41+00:00","og_image":[{"url":"http:\/\/a4-balice-krakowpoludnie-stes.pl\/wp-content\/uploads\/2023\/01\/GDDKiA_Krakow.png","type":"","width":"","height":""}],"twitter_card":"summary_large_image","twitter_misc":{"Szacowany czas czytania":"2 minuty"},"schema":{"@context":"https:\/\/schema.org","@graph":[{"@type":"WebPage","@id":"http:\/\/a4-balice-krakowpoludnie-stes.pl\/index.php\/kontakt\/","url":"http:\/\/a4-balice-krakowpoludnie-stes.pl\/index.php\/kontakt\/","name":"Kontakt - Rozbudowa autostrady A4 od w\u0119z\u0142a Balice do ul. K\u0105pielowej w Krakowie o trzeci pas ruchu","isPartOf":{"@id":"http:\/\/a4-balice-krakowpoludnie-stes.pl\/#website"},"primaryImageOfPage":{"@id":"http:\/\/a4-balice-krakowpoludnie-stes.pl\/index.php\/kontakt\/#primaryimage"},"image":{"@id":"http:\/\/a4-balice-krakowpoludnie-stes.pl\/index.php\/kontakt\/#primaryimage"},"thumbnailUrl":"http:\/\/a4-balice-krakowpoludnie-stes.pl\/wp-content\/uploads\/2023\/01\/GDDKiA_Krakow.png","datePublished":"2020-12-31T23:00:00+00:00","dateModified":"2025-10-03T11:32:41+00:00","breadcrumb":{"@id":"http:\/\/a4-balice-krakowpoludnie-stes.pl\/index.php\/kontakt\/#breadcrumb"},"inLanguage":"pl-PL","potentialAction":[{"@type":"ReadAction","target":["http:\/\/a4-balice-krakowpoludnie-stes.pl\/index.php\/kontakt\/"]}]},{"@type":"ImageObject","inLanguage":"pl-PL","@id":"http:\/\/a4-balice-krakowpoludnie-stes.pl\/index.php\/kontakt\/#primaryimage","url":"http:\/\/a4-balice-krakowpoludnie-stes.pl\/wp-content\/uploads\/2023\/01\/GDDKiA_Krakow-e1685043812165.png","contentUrl":"http:\/\/a4-balice-krakowpoludnie-stes.pl\/wp-content\/uploads\/2023\/01\/GDDKiA_Krakow-e1685043812165.png","width":187,"height":93},{"@type":"BreadcrumbList","@id":"http:\/\/a4-balice-krakowpoludnie-stes.pl\/index.php\/kontakt\/#breadcrumb","itemListElement":[{"@type":"ListItem","position":1,"name":"Strona g\u0142\u00f3wna","item":"http:\/\/a4-balice-krakowpoludnie-stes.pl\/"},{"@type":"ListItem","position":2,"name":"Kontakt"}]},{"@type":"WebSite","@id":"http:\/\/a4-balice-krakowpoludnie-stes.pl\/#website","url":"http:\/\/a4-balice-krakowpoludnie-stes.pl\/","name":"Rozbudowa autostrady A4 od w\u0119z\u0142a Balice do ul. K\u0105pielowej w Krakowie o trzeci pas ruchu","description":"","publisher":{"@id":"http:\/\/a4-balice-krakowpoludnie-stes.pl\/#organization"},"potentialAction":[{"@type":"SearchAction","target":{"@type":"EntryPoint","urlTemplate":"http:\/\/a4-balice-krakowpoludnie-stes.pl\/?s={search_term_string}"},"query-input":{"@type":"PropertyValueSpecification","valueRequired":true,"valueName":"search_term_string"}}],"inLanguage":"pl-PL"},{"@type":"Organization","@id":"http:\/\/a4-balice-krakowpoludnie-stes.pl\/#organization","name":"Rozbudowa autostrady A4 od w\u0119z\u0142a Balice do ul. K\u0105pielowej w Krakowie o trzeci pas ruchu","url":"http:\/\/a4-balice-krakowpoludnie-stes.pl\/","logo":{"@type":"ImageObject","inLanguage":"pl-PL","@id":"http:\/\/a4-balice-krakowpoludnie-stes.pl\/#\/schema\/logo\/image\/","url":"http:\/\/a4-balice-krakowpoludnie-stes.pl\/wp-content\/uploads\/2023\/01\/cropped-empty.png","contentUrl":"http:\/\/a4-balice-krakowpoludnie-stes.pl\/wp-content\/uploads\/2023\/01\/cropped-empty.png","width":290,"height":96,"caption":"Rozbudowa autostrady A4 od w\u0119z\u0142a Balice do ul. K\u0105pielowej w Krakowie o trzeci pas ruchu"},"image":{"@id":"http:\/\/a4-balice-krakowpoludnie-stes.pl\/#\/schema\/logo\/image\/"}}]}},"_links":{"self":[{"href":"http:\/\/a4-balice-krakowpoludnie-stes.pl\/index.php\/wp-json\/wp\/v2\/pages\/1030","targetHints":{"allow":["GET"]}}],"collection":[{"href":"http:\/\/a4-balice-krakowpoludnie-stes.pl\/index.php\/wp-json\/wp\/v2\/pages"}],"about":[{"href":"http:\/\/a4-balice-krakowpoludnie-stes.pl\/index.php\/wp-json\/wp\/v2\/types\/page"}],"author":[{"embeddable":true,"href":"http:\/\/a4-balice-krakowpoludnie-stes.pl\/index.php\/wp-json\/wp\/v2\/users\/1"}],"replies":[{"embeddable":true,"href":"http:\/\/a4-balice-krakowpoludnie-stes.pl\/index.php\/wp-json\/wp\/v2\/comments?post=1030"}],"version-history":[{"count":71,"href":"http:\/\/a4-balice-krakowpoludnie-stes.pl\/index.php\/wp-json\/wp\/v2\/pages\/1030\/revisions"}],"predecessor-version":[{"id":5547,"href":"http:\/\/a4-balice-krakowpoludnie-stes.pl\/index.php\/wp-json\/wp\/v2\/pages\/1030\/revisions\/5547"}],"wp:attachment":[{"href":"http:\/\/a4-balice-krakowpoludnie-stes.pl\/index.php\/wp-json\/wp\/v2\/media?parent=1030"}],"curies":[{"name":"wp","href":"https:\/\/api.w.org\/{rel}","templated":true}]}}