{"id":375,"date":"2021-07-04T00:00:08","date_gmt":"2021-07-03T22:00:08","guid":{"rendered":"http:\/\/obwodnicalegnicydk94.pl\/?page_id=375"},"modified":"2023-01-19T19:33:46","modified_gmt":"2023-01-19T18:33:46","slug":"zaawansowanie-prac-projektowych","status":"publish","type":"page","link":"http:\/\/a4-balice-krakowpoludnie-stes.pl\/index.php\/zaawansowanie-prac-projektowych\/","title":{"rendered":"Zaawansowanie prac projektowych"},"content":{"rendered":"\n<h2 class=\"has-text-align-center wp-block-heading\">Zaawansowanie prac projektowych<\/h2>\n\n\n\n<div id=\"section-g2fd60a\" class=\"wp-block-gutentor-e1 section-g2fd60a gutentor-element gutentor-element-advanced-text\"><div class=\"gutentor-text-wrap\"><p class=\"gutentor-text\">Zgodnie z harmonogramem prac<\/p><\/div><\/div>\n\n\n\n<p><\/p>\n","protected":false},"excerpt":{"rendered":"<p>Zaawansowanie prac projektowych<\/p>\n","protected":false},"author":1,"featured_media":0,"parent":0,"menu_order":0,"comment_status":"closed","ping_status":"closed","template":"","meta":{"footnotes":""},"class_list":["post-375","page","type-page","status-publish","hentry"],"yoast_head":"<!-- This site is optimized with the Yoast SEO plugin v27.5 - https:\/\/yoast.com\/product\/yoast-seo-wordpress\/ -->\n<title>Zaawansowanie prac projektowych - Rozbudowa autostrady A4 od w\u0119z\u0142a Balice do ul. K\u0105pielowej w Krakowie o trzeci pas ruchu<\/title>\n<meta name=\"robots\" content=\"index, follow, max-snippet:-1, max-image-preview:large, max-video-preview:-1\" \/>\n<link rel=\"canonical\" href=\"http:\/\/a4-balice-krakowpoludnie-stes.pl\/index.php\/zaawansowanie-prac-projektowych\/\" \/>\n<meta property=\"og:locale\" content=\"pl_PL\" \/>\n<meta property=\"og:type\" content=\"article\" \/>\n<meta property=\"og:title\" content=\"Zaawansowanie prac projektowych - Rozbudowa autostrady A4 od w\u0119z\u0142a Balice do ul. K\u0105pielowej w Krakowie o trzeci pas ruchu\" \/>\n<meta property=\"og:description\" content=\"Zaawansowanie prac projektowych\" \/>\n<meta property=\"og:url\" content=\"http:\/\/a4-balice-krakowpoludnie-stes.pl\/index.php\/zaawansowanie-prac-projektowych\/\" \/>\n<meta property=\"og:site_name\" content=\"Rozbudowa autostrady A4 od w\u0119z\u0142a Balice do ul. K\u0105pielowej w Krakowie o trzeci pas ruchu\" \/>\n<meta property=\"article:modified_time\" content=\"2023-01-19T18:33:46+00:00\" \/>\n<meta name=\"twitter:card\" content=\"summary_large_image\" \/>\n<meta name=\"twitter:label1\" content=\"Szacowany czas czytania\" \/>\n\t<meta name=\"twitter:data1\" content=\"1 minuta\" \/>\n<script type=\"application\/ld+json\" class=\"yoast-schema-graph\">{\"@context\":\"https:\\\/\\\/schema.org\",\"@graph\":[{\"@type\":\"WebPage\",\"@id\":\"http:\\\/\\\/a4-balice-krakowpoludnie-stes.pl\\\/index.php\\\/zaawansowanie-prac-projektowych\\\/\",\"url\":\"http:\\\/\\\/a4-balice-krakowpoludnie-stes.pl\\\/index.php\\\/zaawansowanie-prac-projektowych\\\/\",\"name\":\"Zaawansowanie prac projektowych - Rozbudowa autostrady A4 od w\u0119z\u0142a Balice do ul. K\u0105pielowej w Krakowie o trzeci pas ruchu\",\"isPartOf\":{\"@id\":\"http:\\\/\\\/a4-balice-krakowpoludnie-stes.pl\\\/#website\"},\"datePublished\":\"2021-07-03T22:00:08+00:00\",\"dateModified\":\"2023-01-19T18:33:46+00:00\",\"breadcrumb\":{\"@id\":\"http:\\\/\\\/a4-balice-krakowpoludnie-stes.pl\\\/index.php\\\/zaawansowanie-prac-projektowych\\\/#breadcrumb\"},\"inLanguage\":\"pl-PL\",\"potentialAction\":[{\"@type\":\"ReadAction\",\"target\":[\"http:\\\/\\\/a4-balice-krakowpoludnie-stes.pl\\\/index.php\\\/zaawansowanie-prac-projektowych\\\/\"]}]},{\"@type\":\"BreadcrumbList\",\"@id\":\"http:\\\/\\\/a4-balice-krakowpoludnie-stes.pl\\\/index.php\\\/zaawansowanie-prac-projektowych\\\/#breadcrumb\",\"itemListElement\":[{\"@type\":\"ListItem\",\"position\":1,\"name\":\"Strona g\u0142\u00f3wna\",\"item\":\"http:\\\/\\\/a4-balice-krakowpoludnie-stes.pl\\\/\"},{\"@type\":\"ListItem\",\"position\":2,\"name\":\"Zaawansowanie prac projektowych\"}]},{\"@type\":\"WebSite\",\"@id\":\"http:\\\/\\\/a4-balice-krakowpoludnie-stes.pl\\\/#website\",\"url\":\"http:\\\/\\\/a4-balice-krakowpoludnie-stes.pl\\\/\",\"name\":\"Rozbudowa autostrady A4 od w\u0119z\u0142a Balice do ul. K\u0105pielowej w Krakowie o trzeci pas ruchu\",\"description\":\"\",\"publisher\":{\"@id\":\"http:\\\/\\\/a4-balice-krakowpoludnie-stes.pl\\\/#organization\"},\"potentialAction\":[{\"@type\":\"SearchAction\",\"target\":{\"@type\":\"EntryPoint\",\"urlTemplate\":\"http:\\\/\\\/a4-balice-krakowpoludnie-stes.pl\\\/?s={search_term_string}\"},\"query-input\":{\"@type\":\"PropertyValueSpecification\",\"valueRequired\":true,\"valueName\":\"search_term_string\"}}],\"inLanguage\":\"pl-PL\"},{\"@type\":\"Organization\",\"@id\":\"http:\\\/\\\/a4-balice-krakowpoludnie-stes.pl\\\/#organization\",\"name\":\"Rozbudowa autostrady A4 od w\u0119z\u0142a Balice do ul. K\u0105pielowej w Krakowie o trzeci pas ruchu\",\"url\":\"http:\\\/\\\/a4-balice-krakowpoludnie-stes.pl\\\/\",\"logo\":{\"@type\":\"ImageObject\",\"inLanguage\":\"pl-PL\",\"@id\":\"http:\\\/\\\/a4-balice-krakowpoludnie-stes.pl\\\/#\\\/schema\\\/logo\\\/image\\\/\",\"url\":\"http:\\\/\\\/a4-balice-krakowpoludnie-stes.pl\\\/wp-content\\\/uploads\\\/2023\\\/01\\\/cropped-empty.png\",\"contentUrl\":\"http:\\\/\\\/a4-balice-krakowpoludnie-stes.pl\\\/wp-content\\\/uploads\\\/2023\\\/01\\\/cropped-empty.png\",\"width\":290,\"height\":96,\"caption\":\"Rozbudowa autostrady A4 od w\u0119z\u0142a Balice do ul. K\u0105pielowej w Krakowie o trzeci pas ruchu\"},\"image\":{\"@id\":\"http:\\\/\\\/a4-balice-krakowpoludnie-stes.pl\\\/#\\\/schema\\\/logo\\\/image\\\/\"}}]}<\/script>\n<!-- \/ Yoast SEO plugin. -->","yoast_head_json":{"title":"Zaawansowanie prac projektowych - Rozbudowa autostrady A4 od w\u0119z\u0142a Balice do ul. K\u0105pielowej w Krakowie o trzeci pas ruchu","robots":{"index":"index","follow":"follow","max-snippet":"max-snippet:-1","max-image-preview":"max-image-preview:large","max-video-preview":"max-video-preview:-1"},"canonical":"http:\/\/a4-balice-krakowpoludnie-stes.pl\/index.php\/zaawansowanie-prac-projektowych\/","og_locale":"pl_PL","og_type":"article","og_title":"Zaawansowanie prac projektowych - Rozbudowa autostrady A4 od w\u0119z\u0142a Balice do ul. K\u0105pielowej w Krakowie o trzeci pas ruchu","og_description":"Zaawansowanie prac projektowych","og_url":"http:\/\/a4-balice-krakowpoludnie-stes.pl\/index.php\/zaawansowanie-prac-projektowych\/","og_site_name":"Rozbudowa autostrady A4 od w\u0119z\u0142a Balice do ul. K\u0105pielowej w Krakowie o trzeci pas ruchu","article_modified_time":"2023-01-19T18:33:46+00:00","twitter_card":"summary_large_image","twitter_misc":{"Szacowany czas czytania":"1 minuta"},"schema":{"@context":"https:\/\/schema.org","@graph":[{"@type":"WebPage","@id":"http:\/\/a4-balice-krakowpoludnie-stes.pl\/index.php\/zaawansowanie-prac-projektowych\/","url":"http:\/\/a4-balice-krakowpoludnie-stes.pl\/index.php\/zaawansowanie-prac-projektowych\/","name":"Zaawansowanie prac projektowych - Rozbudowa autostrady A4 od w\u0119z\u0142a Balice do ul. K\u0105pielowej w Krakowie o trzeci pas ruchu","isPartOf":{"@id":"http:\/\/a4-balice-krakowpoludnie-stes.pl\/#website"},"datePublished":"2021-07-03T22:00:08+00:00","dateModified":"2023-01-19T18:33:46+00:00","breadcrumb":{"@id":"http:\/\/a4-balice-krakowpoludnie-stes.pl\/index.php\/zaawansowanie-prac-projektowych\/#breadcrumb"},"inLanguage":"pl-PL","potentialAction":[{"@type":"ReadAction","target":["http:\/\/a4-balice-krakowpoludnie-stes.pl\/index.php\/zaawansowanie-prac-projektowych\/"]}]},{"@type":"BreadcrumbList","@id":"http:\/\/a4-balice-krakowpoludnie-stes.pl\/index.php\/zaawansowanie-prac-projektowych\/#breadcrumb","itemListElement":[{"@type":"ListItem","position":1,"name":"Strona g\u0142\u00f3wna","item":"http:\/\/a4-balice-krakowpoludnie-stes.pl\/"},{"@type":"ListItem","position":2,"name":"Zaawansowanie prac projektowych"}]},{"@type":"WebSite","@id":"http:\/\/a4-balice-krakowpoludnie-stes.pl\/#website","url":"http:\/\/a4-balice-krakowpoludnie-stes.pl\/","name":"Rozbudowa autostrady A4 od w\u0119z\u0142a Balice do ul. K\u0105pielowej w Krakowie o trzeci pas ruchu","description":"","publisher":{"@id":"http:\/\/a4-balice-krakowpoludnie-stes.pl\/#organization"},"potentialAction":[{"@type":"SearchAction","target":{"@type":"EntryPoint","urlTemplate":"http:\/\/a4-balice-krakowpoludnie-stes.pl\/?s={search_term_string}"},"query-input":{"@type":"PropertyValueSpecification","valueRequired":true,"valueName":"search_term_string"}}],"inLanguage":"pl-PL"},{"@type":"Organization","@id":"http:\/\/a4-balice-krakowpoludnie-stes.pl\/#organization","name":"Rozbudowa autostrady A4 od w\u0119z\u0142a Balice do ul. K\u0105pielowej w Krakowie o trzeci pas ruchu","url":"http:\/\/a4-balice-krakowpoludnie-stes.pl\/","logo":{"@type":"ImageObject","inLanguage":"pl-PL","@id":"http:\/\/a4-balice-krakowpoludnie-stes.pl\/#\/schema\/logo\/image\/","url":"http:\/\/a4-balice-krakowpoludnie-stes.pl\/wp-content\/uploads\/2023\/01\/cropped-empty.png","contentUrl":"http:\/\/a4-balice-krakowpoludnie-stes.pl\/wp-content\/uploads\/2023\/01\/cropped-empty.png","width":290,"height":96,"caption":"Rozbudowa autostrady A4 od w\u0119z\u0142a Balice do ul. K\u0105pielowej w Krakowie o trzeci pas ruchu"},"image":{"@id":"http:\/\/a4-balice-krakowpoludnie-stes.pl\/#\/schema\/logo\/image\/"}}]}},"_links":{"self":[{"href":"http:\/\/a4-balice-krakowpoludnie-stes.pl\/index.php\/wp-json\/wp\/v2\/pages\/375","targetHints":{"allow":["GET"]}}],"collection":[{"href":"http:\/\/a4-balice-krakowpoludnie-stes.pl\/index.php\/wp-json\/wp\/v2\/pages"}],"about":[{"href":"http:\/\/a4-balice-krakowpoludnie-stes.pl\/index.php\/wp-json\/wp\/v2\/types\/page"}],"author":[{"embeddable":true,"href":"http:\/\/a4-balice-krakowpoludnie-stes.pl\/index.php\/wp-json\/wp\/v2\/users\/1"}],"replies":[{"embeddable":true,"href":"http:\/\/a4-balice-krakowpoludnie-stes.pl\/index.php\/wp-json\/wp\/v2\/comments?post=375"}],"version-history":[{"count":3,"href":"http:\/\/a4-balice-krakowpoludnie-stes.pl\/index.php\/wp-json\/wp\/v2\/pages\/375\/revisions"}],"predecessor-version":[{"id":4562,"href":"http:\/\/a4-balice-krakowpoludnie-stes.pl\/index.php\/wp-json\/wp\/v2\/pages\/375\/revisions\/4562"}],"wp:attachment":[{"href":"http:\/\/a4-balice-krakowpoludnie-stes.pl\/index.php\/wp-json\/wp\/v2\/media?parent=375"}],"curies":[{"name":"wp","href":"https:\/\/api.w.org\/{rel}","templated":true}]}}